{"id":8658,"date":"2025-06-18T07:53:30","date_gmt":"2025-06-18T07:53:30","guid":{"rendered":"https:\/\/shop.gajolivestock.com\/?post_type=product&#038;p=8658"},"modified":"2025-06-18T07:58:33","modified_gmt":"2025-06-18T07:58:33","slug":"actors-experts-and-users-fs","status":"publish","type":"product","link":"https:\/\/shop.gajolivestock.com\/fr\/produit\/actors-experts-and-users-fs\/","title":{"rendered":"Acteurs, experts et utilisateurs en s\u00e9curit\u00e9 alimentaire"},"content":{"rendered":"<p>Connectez-vous. Apprenez. Renfor\u00e7ons ensemble la s\u00e9curit\u00e9 alimentaire.<\/p>","protected":false},"excerpt":{"rendered":"<p>Connectez-vous. Apprenez. Renfor\u00e7ons ensemble la s\u00e9curit\u00e9 alimentaire.<\/p>","protected":false},"featured_media":0,"comment_status":"open","ping_status":"closed","template":"","meta":{"nf_dc_page":"","om_disable_all_campaigns":false,"pagelayer_contact_templates":[],"_pagelayer_content":""},"product_brand":[],"product_cat":[15],"product_tag":[],"class_list":{"0":"post-8658","1":"product","2":"type-product","3":"status-publish","5":"product_cat-uncategorized","7":"first","8":"instock","9":"virtual","10":"sold-individually","11":"purchasable","12":"product-type-product_pack"},"jetpack_sharing_enabled":true,"_links":{"self":[{"href":"https:\/\/shop.gajolivestock.com\/fr\/wp-json\/wp\/v2\/product\/8658","targetHints":{"allow":["GET"]}}],"collection":[{"href":"https:\/\/shop.gajolivestock.com\/fr\/wp-json\/wp\/v2\/product"}],"about":[{"href":"https:\/\/shop.gajolivestock.com\/fr\/wp-json\/wp\/v2\/types\/product"}],"replies":[{"embeddable":true,"href":"https:\/\/shop.gajolivestock.com\/fr\/wp-json\/wp\/v2\/comments?post=8658"}],"wp:attachment":[{"href":"https:\/\/shop.gajolivestock.com\/fr\/wp-json\/wp\/v2\/media?parent=8658"}],"wp:term":[{"taxonomy":"product_brand","embeddable":true,"href":"https:\/\/shop.gajolivestock.com\/fr\/wp-json\/wp\/v2\/product_brand?post=8658"},{"taxonomy":"product_cat","embeddable":true,"href":"https:\/\/shop.gajolivestock.com\/fr\/wp-json\/wp\/v2\/product_cat?post=8658"},{"taxonomy":"product_tag","embeddable":true,"href":"https:\/\/shop.gajolivestock.com\/fr\/wp-json\/wp\/v2\/product_tag?post=8658"}],"curies":[{"name":"wp","href":"https:\/\/api.w.org\/{rel}","templated":true}]}}